{"id":5044,"date":"2025-02-25T14:41:12","date_gmt":"2025-02-25T13:41:12","guid":{"rendered":"https:\/\/okcat.it\/prodotto\/ok-cat-classic\/"},"modified":"2025-03-26T09:37:45","modified_gmt":"2025-03-26T08:37:45","slug":"ok-cat-classic","status":"publish","type":"product","link":"https:\/\/okcat.it\/pl\/prodotto\/ok-cat-classic\/","title":{"rendered":"Ok Cat &#8211; Classic"},"content":{"rendered":"<p>Jest to naturalny \u017cwirek na bazie wysuszonego i bezpy\u0142owego granulatu z kolb kukurydzy, charakteryzuj\u0105cy si\u0119 du\u017c\u0105 zdolno\u015bci\u0105 do redukowania nieprzyjemnych zapach\u00f3w, szybkim efektem zbrylania p\u0142yn\u00f3w organicznych oraz wzbogacony lekkim i przyjemnym zapachem.<\/p>\n<p>W kontakcie z ciecz\u0105 tworz\u0105 si\u0119 ma\u0142e, zwarte grudki, kt\u00f3re mo\u017cna \u0142atwo usun\u0105\u0107 po 10-15 minutach; operacja ta pozwala przed\u0142u\u017cy\u0107 \u017cywotno\u015b\u0107 \u017cwirku poprzez przywr\u00f3cenie jedynie usuni\u0119tej cz\u0119\u015bci bez marnowania wci\u0105\u017c aktualnego materia\u0142u.<\/p>\n<p>Efekt dezodoryzuj\u0105cy, odka\u017caj\u0105cy i zbrylaj\u0105cy jest bardziej widoczny w zamkni\u0119tych pomieszczeniach; lekka nuta zapachowa uzupe\u0142nia dzia\u0142anie dezodoryzuj\u0105ce na otaczaj\u0105ce \u015brodowisko.<\/p>\n<p>Jest to \u017cwirek uniwersalny, odpowiedni dla kot\u00f3w w ka\u017cdym wieku, tak\u017ce tych, kt\u00f3re wydzielaj\u0105 szczeg\u00f3lnie nieprzyjemny zapach i nieprzyjemny zapach moczu.<\/p>\n<p>Kolba kukurydzy to substancja naturalna, biodegradowalna i przyjazna dla \u015brodowiska, produkt ekologiczny, bezwonny i pozbawiony smaku.<\/p>\n<p>Aktywne substancje dezodoryzuj\u0105ce i zbrylaj\u0105ce (ekstrakty ro\u015blinne) nie zak\u0142\u00f3caj\u0105 biodegradowalno\u015bci zu\u017cytego produktu, wr\u0119cz przeciwnie, sprzyjaj\u0105 jej, gdy\u017c pochodz\u0105 z produkt\u00f3w naturalnych.<\/p>\n","protected":false},"excerpt":{"rendered":"<p data-start=\"55\" data-end=\"307\">Ekologiczny \u017cwirek z kolb kukurydzy, biodegradowalny i wysoce ch\u0142onny. Tworzy zwarte grudki w ci\u0105gu 10-15 minut, co u\u0142atwia czyszczenie i wyd\u0142u\u017ca okres przydatno\u015bci do spo\u017cycia. Neutralizuje nieprzyjemne zapachy i wzbogacony jest delikatnym zapachem.<\/p>\n<ul data-start=\"309\" data-end=\"401\">\n<li data-start=\"309\" data-end=\"343\">W 100% naturalny i biodegradowalny<\/li>\n<li data-start=\"344\" data-end=\"375\">Szybki efekt zbrylania<\/li>\n<li data-start=\"376\" data-end=\"401\">Neutralizuje zapachy<\/li>\n<\/ul>\n<p>Mo\u017cna wyrzuca\u0107 na kompost lub niesortowane odpady.<\/p>\n<p>Dost\u0119pne w r\u00f3\u017cnych formatach \u2013 Przechowywa\u0107 w suchym miejscu.<\/p>\n","protected":false},"featured_media":4735,"comment_status":"closed","ping_status":"closed","template":"","meta":[],"product_brand":[],"product_cat":[58],"product_tag":[44],"class_list":{"0":"post-5044","1":"product","2":"type-product","3":"status-publish","4":"has-post-thumbnail","6":"product_cat-per-gatti","7":"product_tag-gatto","9":"first","10":"instock","11":"shipping-taxable","12":"purchasable","13":"product-type-simple"},"yoast_head":"<!-- This site is optimized with the Yoast SEO plugin v27.5 - https:\/\/yoast.com\/product\/yoast-seo-wordpress\/ -->\n<title>Ok Cat - Classic - Ok Cat<\/title>\n<meta name=\"robots\" content=\"index, follow, max-snippet:-1, max-image-preview:large, max-video-preview:-1\" \/>\n<link rel=\"canonical\" href=\"https:\/\/okcat.it\/pl\/prodotto\/ok-cat-classic\/\" \/>\n<meta property=\"og:locale\" content=\"pl_PL\" \/>\n<meta property=\"og:type\" content=\"article\" \/>\n<meta property=\"og:title\" content=\"Ok Cat - Classic - Ok Cat\" \/>\n<meta property=\"og:description\" content=\"Ekologiczny \u017cwirek z kolb kukurydzy, biodegradowalny i wysoce ch\u0142onny. Tworzy zwarte grudki w ci\u0105gu 10-15 minut, co u\u0142atwia czyszczenie i wyd\u0142u\u017ca okres przydatno\u015bci do spo\u017cycia. Neutralizuje nieprzyjemne zapachy i wzbogacony jest delikatnym zapachem.    W 100% naturalny i biodegradowalny  Szybki efekt zbrylania  Neutralizuje zapachy  Mo\u017cna wyrzuca\u0107 na kompost lub niesortowane odpady.  Dost\u0119pne w r\u00f3\u017cnych formatach \u2013 Przechowywa\u0107 w suchym miejscu.\" \/>\n<meta property=\"og:url\" content=\"https:\/\/okcat.it\/pl\/prodotto\/ok-cat-classic\/\" \/>\n<meta property=\"og:site_name\" content=\"Ok Cat\" \/>\n<meta property=\"article:modified_time\" content=\"2025-03-26T08:37:45+00:00\" \/>\n<meta property=\"og:image\" content=\"https:\/\/okcat.it\/wp-content\/uploads\/2025\/03\/OkCat-biolettiera_classica-1.webp\" \/>\n\t<meta property=\"og:image:width\" content=\"1080\" \/>\n\t<meta property=\"og:image:height\" content=\"1080\" \/>\n\t<meta property=\"og:image:type\" content=\"image\/webp\" \/>\n<meta name=\"twitter:card\" content=\"summary_large_image\" \/>\n<meta name=\"twitter:label1\" content=\"Szacowany czas czytania\" \/>\n\t<meta name=\"twitter:data1\" content=\"1 minuta\" \/>\n<script type=\"application\/ld+json\" class=\"yoast-schema-graph\">{\"@context\":\"https:\\\/\\\/schema.org\",\"@graph\":[{\"@type\":\"WebPage\",\"@id\":\"https:\\\/\\\/okcat.it\\\/pl\\\/prodotto\\\/ok-cat-classic\\\/\",\"url\":\"https:\\\/\\\/okcat.it\\\/pl\\\/prodotto\\\/ok-cat-classic\\\/\",\"name\":\"Ok Cat - Classic - Ok Cat\",\"isPartOf\":{\"@id\":\"https:\\\/\\\/okcat.it\\\/pl\\\/#website\"},\"primaryImageOfPage\":{\"@id\":\"https:\\\/\\\/okcat.it\\\/pl\\\/prodotto\\\/ok-cat-classic\\\/#primaryimage\"},\"image\":{\"@id\":\"https:\\\/\\\/okcat.it\\\/pl\\\/prodotto\\\/ok-cat-classic\\\/#primaryimage\"},\"thumbnailUrl\":\"https:\\\/\\\/okcat.it\\\/wp-content\\\/uploads\\\/2025\\\/03\\\/OkCat-biolettiera_classica-1.webp\",\"datePublished\":\"2025-02-25T13:41:12+00:00\",\"dateModified\":\"2025-03-26T08:37:45+00:00\",\"breadcrumb\":{\"@id\":\"https:\\\/\\\/okcat.it\\\/pl\\\/prodotto\\\/ok-cat-classic\\\/#breadcrumb\"},\"inLanguage\":\"pl-PL\",\"potentialAction\":[{\"@type\":\"ReadAction\",\"target\":[\"https:\\\/\\\/okcat.it\\\/pl\\\/prodotto\\\/ok-cat-classic\\\/\"]}]},{\"@type\":\"ImageObject\",\"inLanguage\":\"pl-PL\",\"@id\":\"https:\\\/\\\/okcat.it\\\/pl\\\/prodotto\\\/ok-cat-classic\\\/#primaryimage\",\"url\":\"https:\\\/\\\/okcat.it\\\/wp-content\\\/uploads\\\/2025\\\/03\\\/OkCat-biolettiera_classica-1.webp\",\"contentUrl\":\"https:\\\/\\\/okcat.it\\\/wp-content\\\/uploads\\\/2025\\\/03\\\/OkCat-biolettiera_classica-1.webp\",\"width\":1080,\"height\":1080},{\"@type\":\"BreadcrumbList\",\"@id\":\"https:\\\/\\\/okcat.it\\\/pl\\\/prodotto\\\/ok-cat-classic\\\/#breadcrumb\",\"itemListElement\":[{\"@type\":\"ListItem\",\"position\":1,\"name\":\"Home\",\"item\":\"https:\\\/\\\/okcat.it\\\/pl\\\/\"},{\"@type\":\"ListItem\",\"position\":2,\"name\":\"Shop\",\"item\":\"https:\\\/\\\/okcat.it\\\/negozio\\\/\"},{\"@type\":\"ListItem\",\"position\":3,\"name\":\"Ok Cat &#8211; Classic\"}]},{\"@type\":\"WebSite\",\"@id\":\"https:\\\/\\\/okcat.it\\\/pl\\\/#website\",\"url\":\"https:\\\/\\\/okcat.it\\\/pl\\\/\",\"name\":\"Ok Cat\",\"description\":\"Green Lettiera\",\"publisher\":{\"@id\":\"https:\\\/\\\/okcat.it\\\/pl\\\/#organization\"},\"potentialAction\":[{\"@type\":\"SearchAction\",\"target\":{\"@type\":\"EntryPoint\",\"urlTemplate\":\"https:\\\/\\\/okcat.it\\\/pl\\\/?s={search_term_string}\"},\"query-input\":{\"@type\":\"PropertyValueSpecification\",\"valueRequired\":true,\"valueName\":\"search_term_string\"}}],\"inLanguage\":\"pl-PL\"},{\"@type\":\"Organization\",\"@id\":\"https:\\\/\\\/okcat.it\\\/pl\\\/#organization\",\"name\":\"Ok Cat\",\"url\":\"https:\\\/\\\/okcat.it\\\/pl\\\/\",\"logo\":{\"@type\":\"ImageObject\",\"inLanguage\":\"pl-PL\",\"@id\":\"https:\\\/\\\/okcat.it\\\/pl\\\/#\\\/schema\\\/logo\\\/image\\\/\",\"url\":\"https:\\\/\\\/okcat.it\\\/wp-content\\\/uploads\\\/2023\\\/03\\\/okcat-logo.svg\",\"contentUrl\":\"https:\\\/\\\/okcat.it\\\/wp-content\\\/uploads\\\/2023\\\/03\\\/okcat-logo.svg\",\"width\":464,\"height\":129,\"caption\":\"Ok Cat\"},\"image\":{\"@id\":\"https:\\\/\\\/okcat.it\\\/pl\\\/#\\\/schema\\\/logo\\\/image\\\/\"}}]}<\/script>\n<!-- \/ Yoast SEO plugin. -->","yoast_head_json":{"title":"Ok Cat - Classic - Ok Cat","robots":{"index":"index","follow":"follow","max-snippet":"max-snippet:-1","max-image-preview":"max-image-preview:large","max-video-preview":"max-video-preview:-1"},"canonical":"https:\/\/okcat.it\/pl\/prodotto\/ok-cat-classic\/","og_locale":"pl_PL","og_type":"article","og_title":"Ok Cat - Classic - Ok Cat","og_description":"Ekologiczny \u017cwirek z kolb kukurydzy, biodegradowalny i wysoce ch\u0142onny. Tworzy zwarte grudki w ci\u0105gu 10-15 minut, co u\u0142atwia czyszczenie i wyd\u0142u\u017ca okres przydatno\u015bci do spo\u017cycia. Neutralizuje nieprzyjemne zapachy i wzbogacony jest delikatnym zapachem.    W 100% naturalny i biodegradowalny  Szybki efekt zbrylania  Neutralizuje zapachy  Mo\u017cna wyrzuca\u0107 na kompost lub niesortowane odpady.  Dost\u0119pne w r\u00f3\u017cnych formatach \u2013 Przechowywa\u0107 w suchym miejscu.","og_url":"https:\/\/okcat.it\/pl\/prodotto\/ok-cat-classic\/","og_site_name":"Ok Cat","article_modified_time":"2025-03-26T08:37:45+00:00","og_image":[{"width":1080,"height":1080,"url":"https:\/\/okcat.it\/wp-content\/uploads\/2025\/03\/OkCat-biolettiera_classica-1.webp","type":"image\/webp"}],"twitter_card":"summary_large_image","twitter_misc":{"Szacowany czas czytania":"1 minuta"},"schema":{"@context":"https:\/\/schema.org","@graph":[{"@type":"WebPage","@id":"https:\/\/okcat.it\/pl\/prodotto\/ok-cat-classic\/","url":"https:\/\/okcat.it\/pl\/prodotto\/ok-cat-classic\/","name":"Ok Cat - Classic - Ok Cat","isPartOf":{"@id":"https:\/\/okcat.it\/pl\/#website"},"primaryImageOfPage":{"@id":"https:\/\/okcat.it\/pl\/prodotto\/ok-cat-classic\/#primaryimage"},"image":{"@id":"https:\/\/okcat.it\/pl\/prodotto\/ok-cat-classic\/#primaryimage"},"thumbnailUrl":"https:\/\/okcat.it\/wp-content\/uploads\/2025\/03\/OkCat-biolettiera_classica-1.webp","datePublished":"2025-02-25T13:41:12+00:00","dateModified":"2025-03-26T08:37:45+00:00","breadcrumb":{"@id":"https:\/\/okcat.it\/pl\/prodotto\/ok-cat-classic\/#breadcrumb"},"inLanguage":"pl-PL","potentialAction":[{"@type":"ReadAction","target":["https:\/\/okcat.it\/pl\/prodotto\/ok-cat-classic\/"]}]},{"@type":"ImageObject","inLanguage":"pl-PL","@id":"https:\/\/okcat.it\/pl\/prodotto\/ok-cat-classic\/#primaryimage","url":"https:\/\/okcat.it\/wp-content\/uploads\/2025\/03\/OkCat-biolettiera_classica-1.webp","contentUrl":"https:\/\/okcat.it\/wp-content\/uploads\/2025\/03\/OkCat-biolettiera_classica-1.webp","width":1080,"height":1080},{"@type":"BreadcrumbList","@id":"https:\/\/okcat.it\/pl\/prodotto\/ok-cat-classic\/#breadcrumb","itemListElement":[{"@type":"ListItem","position":1,"name":"Home","item":"https:\/\/okcat.it\/pl\/"},{"@type":"ListItem","position":2,"name":"Shop","item":"https:\/\/okcat.it\/negozio\/"},{"@type":"ListItem","position":3,"name":"Ok Cat &#8211; Classic"}]},{"@type":"WebSite","@id":"https:\/\/okcat.it\/pl\/#website","url":"https:\/\/okcat.it\/pl\/","name":"Ok Cat","description":"Green Lettiera","publisher":{"@id":"https:\/\/okcat.it\/pl\/#organization"},"potentialAction":[{"@type":"SearchAction","target":{"@type":"EntryPoint","urlTemplate":"https:\/\/okcat.it\/pl\/?s={search_term_string}"},"query-input":{"@type":"PropertyValueSpecification","valueRequired":true,"valueName":"search_term_string"}}],"inLanguage":"pl-PL"},{"@type":"Organization","@id":"https:\/\/okcat.it\/pl\/#organization","name":"Ok Cat","url":"https:\/\/okcat.it\/pl\/","logo":{"@type":"ImageObject","inLanguage":"pl-PL","@id":"https:\/\/okcat.it\/pl\/#\/schema\/logo\/image\/","url":"https:\/\/okcat.it\/wp-content\/uploads\/2023\/03\/okcat-logo.svg","contentUrl":"https:\/\/okcat.it\/wp-content\/uploads\/2023\/03\/okcat-logo.svg","width":464,"height":129,"caption":"Ok Cat"},"image":{"@id":"https:\/\/okcat.it\/pl\/#\/schema\/logo\/image\/"}}]}},"_links":{"self":[{"href":"https:\/\/okcat.it\/pl\/wp-json\/wp\/v2\/product\/5044","targetHints":{"allow":["GET"]}}],"collection":[{"href":"https:\/\/okcat.it\/pl\/wp-json\/wp\/v2\/product"}],"about":[{"href":"https:\/\/okcat.it\/pl\/wp-json\/wp\/v2\/types\/product"}],"replies":[{"embeddable":true,"href":"https:\/\/okcat.it\/pl\/wp-json\/wp\/v2\/comments?post=5044"}],"wp:featuredmedia":[{"embeddable":true,"href":"https:\/\/okcat.it\/pl\/wp-json\/wp\/v2\/media\/4735"}],"wp:attachment":[{"href":"https:\/\/okcat.it\/pl\/wp-json\/wp\/v2\/media?parent=5044"}],"wp:term":[{"taxonomy":"product_brand","embeddable":true,"href":"https:\/\/okcat.it\/pl\/wp-json\/wp\/v2\/product_brand?post=5044"},{"taxonomy":"product_cat","embeddable":true,"href":"https:\/\/okcat.it\/pl\/wp-json\/wp\/v2\/product_cat?post=5044"},{"taxonomy":"product_tag","embeddable":true,"href":"https:\/\/okcat.it\/pl\/wp-json\/wp\/v2\/product_tag?post=5044"}],"curies":[{"name":"wp","href":"https:\/\/api.w.org\/{rel}","templated":true}]}}