{"id":5041,"date":"2025-02-25T16:00:04","date_gmt":"2025-02-25T15:00:04","guid":{"rendered":"https:\/\/okcat.it\/prodotto\/ok-cat-catnip\/"},"modified":"2025-03-26T09:34:08","modified_gmt":"2025-03-26T08:34:08","slug":"ok-cat-catnip","status":"publish","type":"product","link":"https:\/\/okcat.it\/pl\/prodotto\/ok-cat-catnip\/","title":{"rendered":"Ok Cat &#8211; Catnip"},"content":{"rendered":"<p>Jest to naturalny \u015bmieciek z suszonego i bezpy\u0142owego granulatu z kolb mikrofalowego, charakteryzuj\u0105cy si\u0119 wydajno\u015bci\u0105 do redukowania sk\u0142adnik\u00f3w zapach\u00f3w, po wykonaniu zbrylania substancji organicznych oraz wzbogacony lekkim zapachem.<\/p>\n<p>Je\u015bli chcesz wiedzie\u0107, czy wypi\u0142e\u015b dwa drinki, mo\u017cesz gotowa\u0107 przez 10-15 minut; Dzia\u0142anie tego produktu opiera si\u0119 na informacjach o przedmiocie materia\u0142u.<\/p>\n<p>Efekt dezodoryzuj\u0105cy, odka\u017caj\u0105cy i zbrylaj\u0105cy jest bardziej widoczny w zamkni\u0119tych opakowaniach; lekka, \u015bwie\u017ca nuta zapachowa (kocimi\u0119tka) jest bardzo ceniona przez zwierz\u0119.<\/p>\n<p>Jest to \u017cwirek uniwersalny, w\u0142a\u015bciwy dla kot\u00f3w w ka\u017cdym wieku, tak\u017ce tych, kt\u00f3re wydzielaj\u0105 szczeg\u00f3lne zapachy i zapachy moczu.<\/p>\n<p>Kolba do stosowania w \u015brodowisku naturalnym, biodegradowalna i przyjazna dla \u015brodowiska, produkt ekologiczny, bezzwonny i pozbawiony sk\u0142adu.<\/p>\n<p>Nale\u017cy pami\u0119ta\u0107, \u017ce substancje te nie mog\u0105 ulega\u0107 biodegradacji ani ulega\u0107 biodegradacji, je\u015bli s\u0105 stosowane w produktach naturalnych.<\/p>\n<p>Zwierz\u0119 wyczuwaln\u0105 nut\u0119 zapachow\u0105 kocimi\u0119tki i przyci\u0105ga j\u0105 w stron\u0119 kuwety.<\/p>\n","protected":false},"excerpt":{"rendered":"<p>Naturalny \u017cwirek z kolb kukurydzy, biodegradowalny i wyj\u0105tkowo ch\u0142onny. Dzi\u0119ki szybkiemu efektowi zbrylania w ci\u0105gu 10-15 minut tworzy ma\u0142e, zwarte grudki, co u\u0142atwia czyszczenie i ogranicza ilo\u015b\u0107 odpad\u00f3w.<\/p>\n<p>Lekki zapach kocimi\u0119tki w naturalny spos\u00f3b przyci\u0105ga kota, dzi\u0119ki czemu jest idealny dla ka\u017cdego, nawet dla tych, kt\u00f3rzy wydzielaj\u0105 wyj\u0105tkowo nieprzyjemny zapach moczu.<\/p>\n<ul data-start=\"419\" data-end=\"578\">\n<li data-start=\"419\" data-end=\"453\">W 100% naturalny i biodegradowalny<\/li>\n<li data-start=\"454\" data-end=\"496\">Szybka aglomeracja i \u0142atwe czyszczenie<\/li>\n<li data-start=\"497\" data-end=\"542\">Neutralizuje nieprzyjemne zapachy i poprawia higien\u0119<\/li>\n<li data-start=\"543\" data-end=\"578\">Z delikatn\u0105 nut\u0105 kocimi\u0119tki<\/li>\n<\/ul>\n<p>Mo\u017cna wyrzuca\u0107 na kompost lub niesortowane odpady.<\/p>\n<p>Dost\u0119pne w r\u00f3\u017cnych formatach \u2013 Przechowywa\u0107 w suchym miejscu.<\/p>\n","protected":false},"featured_media":4747,"comment_status":"closed","ping_status":"closed","template":"","meta":[],"product_brand":[],"product_cat":[58],"product_tag":[44],"class_list":{"0":"post-5041","1":"product","2":"type-product","3":"status-publish","4":"has-post-thumbnail","6":"product_cat-per-gatti","7":"product_tag-gatto","9":"first","10":"instock","11":"shipping-taxable","12":"purchasable","13":"product-type-simple"},"yoast_head":"<!-- This site is optimized with the Yoast SEO plugin v27.5 - https:\/\/yoast.com\/product\/yoast-seo-wordpress\/ -->\n<title>Ok Cat - Catnip - Ok Cat<\/title>\n<meta name=\"robots\" content=\"index, follow, max-snippet:-1, max-image-preview:large, max-video-preview:-1\" \/>\n<link rel=\"canonical\" href=\"https:\/\/okcat.it\/pl\/prodotto\/ok-cat-catnip\/\" \/>\n<meta property=\"og:locale\" content=\"pl_PL\" \/>\n<meta property=\"og:type\" content=\"article\" \/>\n<meta property=\"og:title\" content=\"Ok Cat - Catnip - Ok Cat\" \/>\n<meta property=\"og:description\" content=\"Naturalny \u017cwirek z kolb kukurydzy, biodegradowalny i wyj\u0105tkowo ch\u0142onny. Dzi\u0119ki szybkiemu efektowi zbrylania w ci\u0105gu 10-15 minut tworzy ma\u0142e, zwarte grudki, co u\u0142atwia czyszczenie i ogranicza ilo\u015b\u0107 odpad\u00f3w.  Lekki zapach kocimi\u0119tki w naturalny spos\u00f3b przyci\u0105ga kota, dzi\u0119ki czemu jest idealny dla ka\u017cdego, nawet dla tych, kt\u00f3rzy wydzielaj\u0105 wyj\u0105tkowo nieprzyjemny zapach moczu.   W 100% naturalny i biodegradowalny  Szybka aglomeracja i \u0142atwe czyszczenie  Neutralizuje nieprzyjemne zapachy i poprawia higien\u0119  Z delikatn\u0105 nut\u0105 kocimi\u0119tki  Mo\u017cna wyrzuca\u0107 na kompost lub niesortowane odpady.  Dost\u0119pne w r\u00f3\u017cnych formatach \u2013 Przechowywa\u0107 w suchym miejscu.\" \/>\n<meta property=\"og:url\" content=\"https:\/\/okcat.it\/pl\/prodotto\/ok-cat-catnip\/\" \/>\n<meta property=\"og:site_name\" content=\"Ok Cat\" \/>\n<meta property=\"article:modified_time\" content=\"2025-03-26T08:34:08+00:00\" \/>\n<meta property=\"og:image\" content=\"https:\/\/okcat.it\/wp-content\/uploads\/2025\/03\/OkCat-biolettiera_catnip-1.webp\" \/>\n\t<meta property=\"og:image:width\" content=\"1080\" \/>\n\t<meta property=\"og:image:height\" content=\"1080\" \/>\n\t<meta property=\"og:image:type\" content=\"image\/webp\" \/>\n<meta name=\"twitter:card\" content=\"summary_large_image\" \/>\n<meta name=\"twitter:label1\" content=\"Szacowany czas czytania\" \/>\n\t<meta name=\"twitter:data1\" content=\"1 minuta\" \/>\n<script type=\"application\/ld+json\" class=\"yoast-schema-graph\">{\"@context\":\"https:\\\/\\\/schema.org\",\"@graph\":[{\"@type\":\"WebPage\",\"@id\":\"https:\\\/\\\/okcat.it\\\/pl\\\/prodotto\\\/ok-cat-catnip\\\/\",\"url\":\"https:\\\/\\\/okcat.it\\\/pl\\\/prodotto\\\/ok-cat-catnip\\\/\",\"name\":\"Ok Cat - Catnip - Ok Cat\",\"isPartOf\":{\"@id\":\"https:\\\/\\\/okcat.it\\\/pl\\\/#website\"},\"primaryImageOfPage\":{\"@id\":\"https:\\\/\\\/okcat.it\\\/pl\\\/prodotto\\\/ok-cat-catnip\\\/#primaryimage\"},\"image\":{\"@id\":\"https:\\\/\\\/okcat.it\\\/pl\\\/prodotto\\\/ok-cat-catnip\\\/#primaryimage\"},\"thumbnailUrl\":\"https:\\\/\\\/okcat.it\\\/wp-content\\\/uploads\\\/2025\\\/03\\\/OkCat-biolettiera_catnip-1.webp\",\"datePublished\":\"2025-02-25T15:00:04+00:00\",\"dateModified\":\"2025-03-26T08:34:08+00:00\",\"breadcrumb\":{\"@id\":\"https:\\\/\\\/okcat.it\\\/pl\\\/prodotto\\\/ok-cat-catnip\\\/#breadcrumb\"},\"inLanguage\":\"pl-PL\",\"potentialAction\":[{\"@type\":\"ReadAction\",\"target\":[\"https:\\\/\\\/okcat.it\\\/pl\\\/prodotto\\\/ok-cat-catnip\\\/\"]}]},{\"@type\":\"ImageObject\",\"inLanguage\":\"pl-PL\",\"@id\":\"https:\\\/\\\/okcat.it\\\/pl\\\/prodotto\\\/ok-cat-catnip\\\/#primaryimage\",\"url\":\"https:\\\/\\\/okcat.it\\\/wp-content\\\/uploads\\\/2025\\\/03\\\/OkCat-biolettiera_catnip-1.webp\",\"contentUrl\":\"https:\\\/\\\/okcat.it\\\/wp-content\\\/uploads\\\/2025\\\/03\\\/OkCat-biolettiera_catnip-1.webp\",\"width\":1080,\"height\":1080},{\"@type\":\"BreadcrumbList\",\"@id\":\"https:\\\/\\\/okcat.it\\\/pl\\\/prodotto\\\/ok-cat-catnip\\\/#breadcrumb\",\"itemListElement\":[{\"@type\":\"ListItem\",\"position\":1,\"name\":\"Home\",\"item\":\"https:\\\/\\\/okcat.it\\\/pl\\\/\"},{\"@type\":\"ListItem\",\"position\":2,\"name\":\"Shop\",\"item\":\"https:\\\/\\\/okcat.it\\\/negozio\\\/\"},{\"@type\":\"ListItem\",\"position\":3,\"name\":\"Ok Cat &#8211; Catnip\"}]},{\"@type\":\"WebSite\",\"@id\":\"https:\\\/\\\/okcat.it\\\/pl\\\/#website\",\"url\":\"https:\\\/\\\/okcat.it\\\/pl\\\/\",\"name\":\"Ok Cat\",\"description\":\"Green Lettiera\",\"publisher\":{\"@id\":\"https:\\\/\\\/okcat.it\\\/pl\\\/#organization\"},\"potentialAction\":[{\"@type\":\"SearchAction\",\"target\":{\"@type\":\"EntryPoint\",\"urlTemplate\":\"https:\\\/\\\/okcat.it\\\/pl\\\/?s={search_term_string}\"},\"query-input\":{\"@type\":\"PropertyValueSpecification\",\"valueRequired\":true,\"valueName\":\"search_term_string\"}}],\"inLanguage\":\"pl-PL\"},{\"@type\":\"Organization\",\"@id\":\"https:\\\/\\\/okcat.it\\\/pl\\\/#organization\",\"name\":\"Ok Cat\",\"url\":\"https:\\\/\\\/okcat.it\\\/pl\\\/\",\"logo\":{\"@type\":\"ImageObject\",\"inLanguage\":\"pl-PL\",\"@id\":\"https:\\\/\\\/okcat.it\\\/pl\\\/#\\\/schema\\\/logo\\\/image\\\/\",\"url\":\"https:\\\/\\\/okcat.it\\\/wp-content\\\/uploads\\\/2023\\\/03\\\/okcat-logo.svg\",\"contentUrl\":\"https:\\\/\\\/okcat.it\\\/wp-content\\\/uploads\\\/2023\\\/03\\\/okcat-logo.svg\",\"width\":464,\"height\":129,\"caption\":\"Ok Cat\"},\"image\":{\"@id\":\"https:\\\/\\\/okcat.it\\\/pl\\\/#\\\/schema\\\/logo\\\/image\\\/\"}}]}<\/script>\n<!-- \/ Yoast SEO plugin. -->","yoast_head_json":{"title":"Ok Cat - Catnip - Ok Cat","robots":{"index":"index","follow":"follow","max-snippet":"max-snippet:-1","max-image-preview":"max-image-preview:large","max-video-preview":"max-video-preview:-1"},"canonical":"https:\/\/okcat.it\/pl\/prodotto\/ok-cat-catnip\/","og_locale":"pl_PL","og_type":"article","og_title":"Ok Cat - Catnip - Ok Cat","og_description":"Naturalny \u017cwirek z kolb kukurydzy, biodegradowalny i wyj\u0105tkowo ch\u0142onny. Dzi\u0119ki szybkiemu efektowi zbrylania w ci\u0105gu 10-15 minut tworzy ma\u0142e, zwarte grudki, co u\u0142atwia czyszczenie i ogranicza ilo\u015b\u0107 odpad\u00f3w.  Lekki zapach kocimi\u0119tki w naturalny spos\u00f3b przyci\u0105ga kota, dzi\u0119ki czemu jest idealny dla ka\u017cdego, nawet dla tych, kt\u00f3rzy wydzielaj\u0105 wyj\u0105tkowo nieprzyjemny zapach moczu.   W 100% naturalny i biodegradowalny  Szybka aglomeracja i \u0142atwe czyszczenie  Neutralizuje nieprzyjemne zapachy i poprawia higien\u0119  Z delikatn\u0105 nut\u0105 kocimi\u0119tki  Mo\u017cna wyrzuca\u0107 na kompost lub niesortowane odpady.  Dost\u0119pne w r\u00f3\u017cnych formatach \u2013 Przechowywa\u0107 w suchym miejscu.","og_url":"https:\/\/okcat.it\/pl\/prodotto\/ok-cat-catnip\/","og_site_name":"Ok Cat","article_modified_time":"2025-03-26T08:34:08+00:00","og_image":[{"width":1080,"height":1080,"url":"https:\/\/okcat.it\/wp-content\/uploads\/2025\/03\/OkCat-biolettiera_catnip-1.webp","type":"image\/webp"}],"twitter_card":"summary_large_image","twitter_misc":{"Szacowany czas czytania":"1 minuta"},"schema":{"@context":"https:\/\/schema.org","@graph":[{"@type":"WebPage","@id":"https:\/\/okcat.it\/pl\/prodotto\/ok-cat-catnip\/","url":"https:\/\/okcat.it\/pl\/prodotto\/ok-cat-catnip\/","name":"Ok Cat - Catnip - Ok Cat","isPartOf":{"@id":"https:\/\/okcat.it\/pl\/#website"},"primaryImageOfPage":{"@id":"https:\/\/okcat.it\/pl\/prodotto\/ok-cat-catnip\/#primaryimage"},"image":{"@id":"https:\/\/okcat.it\/pl\/prodotto\/ok-cat-catnip\/#primaryimage"},"thumbnailUrl":"https:\/\/okcat.it\/wp-content\/uploads\/2025\/03\/OkCat-biolettiera_catnip-1.webp","datePublished":"2025-02-25T15:00:04+00:00","dateModified":"2025-03-26T08:34:08+00:00","breadcrumb":{"@id":"https:\/\/okcat.it\/pl\/prodotto\/ok-cat-catnip\/#breadcrumb"},"inLanguage":"pl-PL","potentialAction":[{"@type":"ReadAction","target":["https:\/\/okcat.it\/pl\/prodotto\/ok-cat-catnip\/"]}]},{"@type":"ImageObject","inLanguage":"pl-PL","@id":"https:\/\/okcat.it\/pl\/prodotto\/ok-cat-catnip\/#primaryimage","url":"https:\/\/okcat.it\/wp-content\/uploads\/2025\/03\/OkCat-biolettiera_catnip-1.webp","contentUrl":"https:\/\/okcat.it\/wp-content\/uploads\/2025\/03\/OkCat-biolettiera_catnip-1.webp","width":1080,"height":1080},{"@type":"BreadcrumbList","@id":"https:\/\/okcat.it\/pl\/prodotto\/ok-cat-catnip\/#breadcrumb","itemListElement":[{"@type":"ListItem","position":1,"name":"Home","item":"https:\/\/okcat.it\/pl\/"},{"@type":"ListItem","position":2,"name":"Shop","item":"https:\/\/okcat.it\/negozio\/"},{"@type":"ListItem","position":3,"name":"Ok Cat &#8211; Catnip"}]},{"@type":"WebSite","@id":"https:\/\/okcat.it\/pl\/#website","url":"https:\/\/okcat.it\/pl\/","name":"Ok Cat","description":"Green Lettiera","publisher":{"@id":"https:\/\/okcat.it\/pl\/#organization"},"potentialAction":[{"@type":"SearchAction","target":{"@type":"EntryPoint","urlTemplate":"https:\/\/okcat.it\/pl\/?s={search_term_string}"},"query-input":{"@type":"PropertyValueSpecification","valueRequired":true,"valueName":"search_term_string"}}],"inLanguage":"pl-PL"},{"@type":"Organization","@id":"https:\/\/okcat.it\/pl\/#organization","name":"Ok Cat","url":"https:\/\/okcat.it\/pl\/","logo":{"@type":"ImageObject","inLanguage":"pl-PL","@id":"https:\/\/okcat.it\/pl\/#\/schema\/logo\/image\/","url":"https:\/\/okcat.it\/wp-content\/uploads\/2023\/03\/okcat-logo.svg","contentUrl":"https:\/\/okcat.it\/wp-content\/uploads\/2023\/03\/okcat-logo.svg","width":464,"height":129,"caption":"Ok Cat"},"image":{"@id":"https:\/\/okcat.it\/pl\/#\/schema\/logo\/image\/"}}]}},"_links":{"self":[{"href":"https:\/\/okcat.it\/pl\/wp-json\/wp\/v2\/product\/5041","targetHints":{"allow":["GET"]}}],"collection":[{"href":"https:\/\/okcat.it\/pl\/wp-json\/wp\/v2\/product"}],"about":[{"href":"https:\/\/okcat.it\/pl\/wp-json\/wp\/v2\/types\/product"}],"replies":[{"embeddable":true,"href":"https:\/\/okcat.it\/pl\/wp-json\/wp\/v2\/comments?post=5041"}],"wp:featuredmedia":[{"embeddable":true,"href":"https:\/\/okcat.it\/pl\/wp-json\/wp\/v2\/media\/4747"}],"wp:attachment":[{"href":"https:\/\/okcat.it\/pl\/wp-json\/wp\/v2\/media?parent=5041"}],"wp:term":[{"taxonomy":"product_brand","embeddable":true,"href":"https:\/\/okcat.it\/pl\/wp-json\/wp\/v2\/product_brand?post=5041"},{"taxonomy":"product_cat","embeddable":true,"href":"https:\/\/okcat.it\/pl\/wp-json\/wp\/v2\/product_cat?post=5041"},{"taxonomy":"product_tag","embeddable":true,"href":"https:\/\/okcat.it\/pl\/wp-json\/wp\/v2\/product_tag?post=5041"}],"curies":[{"name":"wp","href":"https:\/\/api.w.org\/{rel}","templated":true}]}}