{"id":5009,"date":"2025-02-25T16:57:36","date_gmt":"2025-02-25T15:57:36","guid":{"rendered":"https:\/\/okcat.it\/prodotto\/pets-pellets\/"},"modified":"2025-03-26T09:16:58","modified_gmt":"2025-03-26T08:16:58","slug":"pets-pellets","status":"publish","type":"product","link":"https:\/\/okcat.it\/pl\/prodotto\/pets-pellets\/","title":{"rendered":"Pets Pellets"},"content":{"rendered":"<p>Jest to naturalna \u015bci\u00f3\u0142ka wykonana z drewna \u015bwierkowego w postaci granulatu, wysuszona i odpylona, o wysokiej zdolno\u015bci wch\u0142aniania p\u0142yn\u00f3w i redukcji nieprzyjemnych zapach\u00f3w spowodowanych rozk\u0142adem substancji w moczu i kale zwierz\u0105t.<\/p>\n<p>Zalecany dla wszystkich ma\u0142ych ssak\u00f3w: kr\u00f3lik\u00f3w kar\u0142owatych, \u015bwinek morskich, chomik\u00f3w, myszoskoczk\u00f3w, fretek, myszy i szczur\u00f3w.<\/p>\n<p>Drewno \u015bwierkowe jest naturaln\u0105, biodegradowaln\u0105 i przyjazn\u0105 dla \u015brodowiska substancj\u0105, produktem ekologicznym i niezanieczyszczaj\u0105cym \u015brodowiska. W kontakcie z p\u0142ynami p\u0119cznieje i zamienia si\u0119 w \u201edywan\u201d, kt\u00f3ry ca\u0142kowicie je wch\u0142ania: potrz\u0105saj\u0105c tac\u0105, drobna cz\u0119\u015b\u0107 przesuwa si\u0119 na dno, pozostawiaj\u0105c aktywne granulki na powierzchni.<\/p>\n<p>Jego g\u0142\u00f3wne cechy to:<\/p>\n<ul>\n<li>Wysoka zdolno\u015b\u0107 wch\u0142aniania cieczy = zdrowsze \u015brodowisko dla zwierz\u0119cia<\/li>\n<li>Ca\u0142kowity brak py\u0142u = eliminacja problem\u00f3w oddechowych u ma\u0142ych ssak\u00f3w<\/li>\n<li>Biodegradowalno\u015b\u0107 = \u0142atwa eliminacja za pomoc\u0105 naturalnych \u015brodk\u00f3w<\/li>\n<\/ul>\n","protected":false},"excerpt":{"rendered":"<p>Przyjazna dla \u015brodowiska \u015bci\u00f3\u0142ka wykonana z suszonych i niepyl\u0105cych granulek drewna \u015bwierkowego o wysokiej ch\u0142onno\u015bci i naturalnym dzia\u0142aniu zapobiegaj\u0105cym powstawaniu nieprzyjemnych zapach\u00f3w. W kontakcie z p\u0142ynami p\u0119cznieje i tworzy ch\u0142onn\u0105 mat\u0119, utrzymuj\u0105c such\u0105 powierzchni\u0119.<\/p>\n<p>Idealna dla kr\u00f3lik\u00f3w kar\u0142owatych, \u015bwinek morskich, chomik\u00f3w, myszoskoczk\u00f3w, fretek, myszy i szczur\u00f3w, zapewnia zdrowe i komfortowe \u015brodowisko.<\/p>\n<ul data-start=\"452\" data-end=\"580\">\n<li data-start=\"452\" data-end=\"488\">Wysoka zdolno\u015b\u0107 absorpcjiWysoka zdolno\u015b\u0107 absorpcji<\/li>\n<li data-start=\"489\" data-end=\"535\">Zero py\u0142u, idealny dla wra\u017cliwych zwierz\u0105tWysoka zdolno\u015b\u0107 absorpcji<\/li>\n<li data-start=\"536\" data-end=\"580\">W 100% biodegradowalny i \u0142atwy do utylizacjiWysoka zdolno\u015b\u0107 absorpcji<\/li>\n<\/ul>\n<p>Jednorazowego u\u017cytku w kompo\u015bcie lub nieposortowanych odpadach.<\/p>\n<p>Dost\u0119pny w formacie 10 litr\u00f3w &#8211; Przechowywa\u0107 w suchym miejscu.Wysoka zdolno\u015b\u0107 absorpcji<\/p>\n","protected":false},"featured_media":4732,"comment_status":"closed","ping_status":"closed","template":"","meta":[],"product_brand":[],"product_cat":[57,56],"product_tag":[46],"class_list":{"0":"post-5009","1":"product","2":"type-product","3":"status-publish","4":"has-post-thumbnail","6":"product_cat-piccoli-animali","7":"product_cat-tutolo","8":"product_tag-pet","10":"first","11":"instock","12":"shipping-taxable","13":"purchasable","14":"product-type-simple"},"yoast_head":"<!-- This site is optimized with the Yoast SEO plugin v27.5 - https:\/\/yoast.com\/product\/yoast-seo-wordpress\/ -->\n<title>Pets Pellets - Ok Cat<\/title>\n<meta name=\"robots\" content=\"index, follow, max-snippet:-1, max-image-preview:large, max-video-preview:-1\" \/>\n<link rel=\"canonical\" href=\"https:\/\/okcat.it\/pl\/prodotto\/pets-pellets\/\" \/>\n<meta property=\"og:locale\" content=\"pl_PL\" \/>\n<meta property=\"og:type\" content=\"article\" \/>\n<meta property=\"og:title\" content=\"Pets Pellets - Ok Cat\" \/>\n<meta property=\"og:description\" content=\"Przyjazna dla \u015brodowiska \u015bci\u00f3\u0142ka wykonana z suszonych i niepyl\u0105cych granulek drewna \u015bwierkowego o wysokiej ch\u0142onno\u015bci i naturalnym dzia\u0142aniu zapobiegaj\u0105cym powstawaniu nieprzyjemnych zapach\u00f3w. W kontakcie z p\u0142ynami p\u0119cznieje i tworzy ch\u0142onn\u0105 mat\u0119, utrzymuj\u0105c such\u0105 powierzchni\u0119.  Idealna dla kr\u00f3lik\u00f3w kar\u0142owatych, \u015bwinek morskich, chomik\u00f3w, myszoskoczk\u00f3w, fretek, myszy i szczur\u00f3w, zapewnia zdrowe i komfortowe \u015brodowisko.   Wysoka zdolno\u015b\u0107 absorpcjiWysoka zdolno\u015b\u0107 absorpcji  Zero py\u0142u, idealny dla wra\u017cliwych zwierz\u0105tWysoka zdolno\u015b\u0107 absorpcji  W 100% biodegradowalny i \u0142atwy do utylizacjiWysoka zdolno\u015b\u0107 absorpcji  Jednorazowego u\u017cytku w kompo\u015bcie lub nieposortowanych odpadach.  Dost\u0119pny w formacie 10 litr\u00f3w - Przechowywa\u0107 w suchym miejscu.Wysoka zdolno\u015b\u0107 absorpcji\" \/>\n<meta property=\"og:url\" content=\"https:\/\/okcat.it\/pl\/prodotto\/pets-pellets\/\" \/>\n<meta property=\"og:site_name\" content=\"Ok Cat\" \/>\n<meta property=\"article:modified_time\" content=\"2025-03-26T08:16:58+00:00\" \/>\n<meta property=\"og:image\" content=\"https:\/\/okcat.it\/wp-content\/uploads\/2025\/03\/Pets-pellets-1.webp\" \/>\n\t<meta property=\"og:image:width\" content=\"1080\" \/>\n\t<meta property=\"og:image:height\" content=\"1080\" \/>\n\t<meta property=\"og:image:type\" content=\"image\/webp\" \/>\n<meta name=\"twitter:card\" content=\"summary_large_image\" \/>\n<meta name=\"twitter:label1\" content=\"Szacowany czas czytania\" \/>\n\t<meta name=\"twitter:data1\" content=\"1 minuta\" \/>\n<script type=\"application\/ld+json\" class=\"yoast-schema-graph\">{\"@context\":\"https:\\\/\\\/schema.org\",\"@graph\":[{\"@type\":\"WebPage\",\"@id\":\"https:\\\/\\\/okcat.it\\\/pl\\\/prodotto\\\/pets-pellets\\\/\",\"url\":\"https:\\\/\\\/okcat.it\\\/pl\\\/prodotto\\\/pets-pellets\\\/\",\"name\":\"Pets Pellets - Ok Cat\",\"isPartOf\":{\"@id\":\"https:\\\/\\\/okcat.it\\\/pl\\\/#website\"},\"primaryImageOfPage\":{\"@id\":\"https:\\\/\\\/okcat.it\\\/pl\\\/prodotto\\\/pets-pellets\\\/#primaryimage\"},\"image\":{\"@id\":\"https:\\\/\\\/okcat.it\\\/pl\\\/prodotto\\\/pets-pellets\\\/#primaryimage\"},\"thumbnailUrl\":\"https:\\\/\\\/okcat.it\\\/wp-content\\\/uploads\\\/2025\\\/03\\\/Pets-pellets-1.webp\",\"datePublished\":\"2025-02-25T15:57:36+00:00\",\"dateModified\":\"2025-03-26T08:16:58+00:00\",\"breadcrumb\":{\"@id\":\"https:\\\/\\\/okcat.it\\\/pl\\\/prodotto\\\/pets-pellets\\\/#breadcrumb\"},\"inLanguage\":\"pl-PL\",\"potentialAction\":[{\"@type\":\"ReadAction\",\"target\":[\"https:\\\/\\\/okcat.it\\\/pl\\\/prodotto\\\/pets-pellets\\\/\"]}]},{\"@type\":\"ImageObject\",\"inLanguage\":\"pl-PL\",\"@id\":\"https:\\\/\\\/okcat.it\\\/pl\\\/prodotto\\\/pets-pellets\\\/#primaryimage\",\"url\":\"https:\\\/\\\/okcat.it\\\/wp-content\\\/uploads\\\/2025\\\/03\\\/Pets-pellets-1.webp\",\"contentUrl\":\"https:\\\/\\\/okcat.it\\\/wp-content\\\/uploads\\\/2025\\\/03\\\/Pets-pellets-1.webp\",\"width\":1080,\"height\":1080},{\"@type\":\"BreadcrumbList\",\"@id\":\"https:\\\/\\\/okcat.it\\\/pl\\\/prodotto\\\/pets-pellets\\\/#breadcrumb\",\"itemListElement\":[{\"@type\":\"ListItem\",\"position\":1,\"name\":\"Home\",\"item\":\"https:\\\/\\\/okcat.it\\\/pl\\\/\"},{\"@type\":\"ListItem\",\"position\":2,\"name\":\"Shop\",\"item\":\"https:\\\/\\\/okcat.it\\\/negozio\\\/\"},{\"@type\":\"ListItem\",\"position\":3,\"name\":\"Pets Pellets\"}]},{\"@type\":\"WebSite\",\"@id\":\"https:\\\/\\\/okcat.it\\\/pl\\\/#website\",\"url\":\"https:\\\/\\\/okcat.it\\\/pl\\\/\",\"name\":\"Ok Cat\",\"description\":\"Green Lettiera\",\"publisher\":{\"@id\":\"https:\\\/\\\/okcat.it\\\/pl\\\/#organization\"},\"potentialAction\":[{\"@type\":\"SearchAction\",\"target\":{\"@type\":\"EntryPoint\",\"urlTemplate\":\"https:\\\/\\\/okcat.it\\\/pl\\\/?s={search_term_string}\"},\"query-input\":{\"@type\":\"PropertyValueSpecification\",\"valueRequired\":true,\"valueName\":\"search_term_string\"}}],\"inLanguage\":\"pl-PL\"},{\"@type\":\"Organization\",\"@id\":\"https:\\\/\\\/okcat.it\\\/pl\\\/#organization\",\"name\":\"Ok Cat\",\"url\":\"https:\\\/\\\/okcat.it\\\/pl\\\/\",\"logo\":{\"@type\":\"ImageObject\",\"inLanguage\":\"pl-PL\",\"@id\":\"https:\\\/\\\/okcat.it\\\/pl\\\/#\\\/schema\\\/logo\\\/image\\\/\",\"url\":\"https:\\\/\\\/okcat.it\\\/wp-content\\\/uploads\\\/2023\\\/03\\\/okcat-logo.svg\",\"contentUrl\":\"https:\\\/\\\/okcat.it\\\/wp-content\\\/uploads\\\/2023\\\/03\\\/okcat-logo.svg\",\"width\":464,\"height\":129,\"caption\":\"Ok Cat\"},\"image\":{\"@id\":\"https:\\\/\\\/okcat.it\\\/pl\\\/#\\\/schema\\\/logo\\\/image\\\/\"}}]}<\/script>\n<!-- \/ Yoast SEO plugin. -->","yoast_head_json":{"title":"Pets Pellets - Ok Cat","robots":{"index":"index","follow":"follow","max-snippet":"max-snippet:-1","max-image-preview":"max-image-preview:large","max-video-preview":"max-video-preview:-1"},"canonical":"https:\/\/okcat.it\/pl\/prodotto\/pets-pellets\/","og_locale":"pl_PL","og_type":"article","og_title":"Pets Pellets - Ok Cat","og_description":"Przyjazna dla \u015brodowiska \u015bci\u00f3\u0142ka wykonana z suszonych i niepyl\u0105cych granulek drewna \u015bwierkowego o wysokiej ch\u0142onno\u015bci i naturalnym dzia\u0142aniu zapobiegaj\u0105cym powstawaniu nieprzyjemnych zapach\u00f3w. W kontakcie z p\u0142ynami p\u0119cznieje i tworzy ch\u0142onn\u0105 mat\u0119, utrzymuj\u0105c such\u0105 powierzchni\u0119.  Idealna dla kr\u00f3lik\u00f3w kar\u0142owatych, \u015bwinek morskich, chomik\u00f3w, myszoskoczk\u00f3w, fretek, myszy i szczur\u00f3w, zapewnia zdrowe i komfortowe \u015brodowisko.   Wysoka zdolno\u015b\u0107 absorpcjiWysoka zdolno\u015b\u0107 absorpcji  Zero py\u0142u, idealny dla wra\u017cliwych zwierz\u0105tWysoka zdolno\u015b\u0107 absorpcji  W 100% biodegradowalny i \u0142atwy do utylizacjiWysoka zdolno\u015b\u0107 absorpcji  Jednorazowego u\u017cytku w kompo\u015bcie lub nieposortowanych odpadach.  Dost\u0119pny w formacie 10 litr\u00f3w - Przechowywa\u0107 w suchym miejscu.Wysoka zdolno\u015b\u0107 absorpcji","og_url":"https:\/\/okcat.it\/pl\/prodotto\/pets-pellets\/","og_site_name":"Ok Cat","article_modified_time":"2025-03-26T08:16:58+00:00","og_image":[{"width":1080,"height":1080,"url":"https:\/\/okcat.it\/wp-content\/uploads\/2025\/03\/Pets-pellets-1.webp","type":"image\/webp"}],"twitter_card":"summary_large_image","twitter_misc":{"Szacowany czas czytania":"1 minuta"},"schema":{"@context":"https:\/\/schema.org","@graph":[{"@type":"WebPage","@id":"https:\/\/okcat.it\/pl\/prodotto\/pets-pellets\/","url":"https:\/\/okcat.it\/pl\/prodotto\/pets-pellets\/","name":"Pets Pellets - Ok Cat","isPartOf":{"@id":"https:\/\/okcat.it\/pl\/#website"},"primaryImageOfPage":{"@id":"https:\/\/okcat.it\/pl\/prodotto\/pets-pellets\/#primaryimage"},"image":{"@id":"https:\/\/okcat.it\/pl\/prodotto\/pets-pellets\/#primaryimage"},"thumbnailUrl":"https:\/\/okcat.it\/wp-content\/uploads\/2025\/03\/Pets-pellets-1.webp","datePublished":"2025-02-25T15:57:36+00:00","dateModified":"2025-03-26T08:16:58+00:00","breadcrumb":{"@id":"https:\/\/okcat.it\/pl\/prodotto\/pets-pellets\/#breadcrumb"},"inLanguage":"pl-PL","potentialAction":[{"@type":"ReadAction","target":["https:\/\/okcat.it\/pl\/prodotto\/pets-pellets\/"]}]},{"@type":"ImageObject","inLanguage":"pl-PL","@id":"https:\/\/okcat.it\/pl\/prodotto\/pets-pellets\/#primaryimage","url":"https:\/\/okcat.it\/wp-content\/uploads\/2025\/03\/Pets-pellets-1.webp","contentUrl":"https:\/\/okcat.it\/wp-content\/uploads\/2025\/03\/Pets-pellets-1.webp","width":1080,"height":1080},{"@type":"BreadcrumbList","@id":"https:\/\/okcat.it\/pl\/prodotto\/pets-pellets\/#breadcrumb","itemListElement":[{"@type":"ListItem","position":1,"name":"Home","item":"https:\/\/okcat.it\/pl\/"},{"@type":"ListItem","position":2,"name":"Shop","item":"https:\/\/okcat.it\/negozio\/"},{"@type":"ListItem","position":3,"name":"Pets Pellets"}]},{"@type":"WebSite","@id":"https:\/\/okcat.it\/pl\/#website","url":"https:\/\/okcat.it\/pl\/","name":"Ok Cat","description":"Green Lettiera","publisher":{"@id":"https:\/\/okcat.it\/pl\/#organization"},"potentialAction":[{"@type":"SearchAction","target":{"@type":"EntryPoint","urlTemplate":"https:\/\/okcat.it\/pl\/?s={search_term_string}"},"query-input":{"@type":"PropertyValueSpecification","valueRequired":true,"valueName":"search_term_string"}}],"inLanguage":"pl-PL"},{"@type":"Organization","@id":"https:\/\/okcat.it\/pl\/#organization","name":"Ok Cat","url":"https:\/\/okcat.it\/pl\/","logo":{"@type":"ImageObject","inLanguage":"pl-PL","@id":"https:\/\/okcat.it\/pl\/#\/schema\/logo\/image\/","url":"https:\/\/okcat.it\/wp-content\/uploads\/2023\/03\/okcat-logo.svg","contentUrl":"https:\/\/okcat.it\/wp-content\/uploads\/2023\/03\/okcat-logo.svg","width":464,"height":129,"caption":"Ok Cat"},"image":{"@id":"https:\/\/okcat.it\/pl\/#\/schema\/logo\/image\/"}}]}},"_links":{"self":[{"href":"https:\/\/okcat.it\/pl\/wp-json\/wp\/v2\/product\/5009","targetHints":{"allow":["GET"]}}],"collection":[{"href":"https:\/\/okcat.it\/pl\/wp-json\/wp\/v2\/product"}],"about":[{"href":"https:\/\/okcat.it\/pl\/wp-json\/wp\/v2\/types\/product"}],"replies":[{"embeddable":true,"href":"https:\/\/okcat.it\/pl\/wp-json\/wp\/v2\/comments?post=5009"}],"wp:featuredmedia":[{"embeddable":true,"href":"https:\/\/okcat.it\/pl\/wp-json\/wp\/v2\/media\/4732"}],"wp:attachment":[{"href":"https:\/\/okcat.it\/pl\/wp-json\/wp\/v2\/media?parent=5009"}],"wp:term":[{"taxonomy":"product_brand","embeddable":true,"href":"https:\/\/okcat.it\/pl\/wp-json\/wp\/v2\/product_brand?post=5009"},{"taxonomy":"product_cat","embeddable":true,"href":"https:\/\/okcat.it\/pl\/wp-json\/wp\/v2\/product_cat?post=5009"},{"taxonomy":"product_tag","embeddable":true,"href":"https:\/\/okcat.it\/pl\/wp-json\/wp\/v2\/product_tag?post=5009"}],"curies":[{"name":"wp","href":"https:\/\/api.w.org\/{rel}","templated":true}]}}